{"id":6377,"date":"2020-05-02T15:01:40","date_gmt":"2020-05-02T18:01:40","guid":{"rendered":"http:\/\/reydereyes.com.ar\/?page_id=6377"},"modified":"2021-06-26T14:46:41","modified_gmt":"2021-06-26T17:46:41","slug":"primeros-pasos","status":"publish","type":"page","link":"https:\/\/reydereyes.com.ar\/en\/primeros-pasos\/","title":{"rendered":"First Steps"},"content":{"rendered":"<p>[et_pb_section fb_built=&#8221;1&#8243; _builder_version=&#8221;4.4.5&#8243; use_background_color_gradient=&#8221;on&#8221; background_color_gradient_start=&#8221;rgba(51,51,51,0.5)&#8221; background_color_gradient_end=&#8221;rgba(51,51,51,0)&#8221; background_color_gradient_direction=&#8221;1deg&#8221; background_color_gradient_overlays_image=&#8221;on&#8221; background_image=&#8221;http:\/\/reydereyes.com.ar\/wp-content\/uploads\/2020\/05\/pastor_y_pastora.jpg&#8221; background_position=&#8221;top_center&#8221; background_blend=&#8221;multiply&#8221; background_last_edited=&#8221;on|phone&#8221; background_image_phone=&#8221;http:\/\/reydereyes.com.ar\/wp-content\/uploads\/2020\/05\/pastor_y_pastora_mobile.jpg&#8221; background_enable_image_phone=&#8221;on&#8221; background_position_phone=&#8221;center&#8221; title_text_phone=&#8221;pastor_y_pastora_mobile&#8221;][et_pb_row _builder_version=&#8221;4.4.4&#8243; custom_margin=&#8221;||||false|false&#8221; custom_padding=&#8221;280px||||false|false&#8221;][et_pb_column type=&#8221;4_4&#8243; _builder_version=&#8221;4.4.4&#8243;][et_pb_text _builder_version=&#8221;4.4.5&#8243; header_font=&#8221;Montserrat|800||on|||||&#8221; header_text_align=&#8221;center&#8221; header_text_color=&#8221;#ffffff&#8221; header_font_size=&#8221;48px&#8221; header_2_font=&#8221;Montserrat|700|on|on|||||&#8221; header_2_text_align=&#8221;center&#8221; header_2_text_color=&#8221;#ffffff&#8221; header_2_font_size=&#8221;18px&#8221; animation_style=&#8221;slide&#8221; animation_direction=&#8221;bottom&#8221;]<\/p>\n<h1>primeros pasos<\/h1>\n<h2>\u00a1BIENVENIDOS a esta gran familia!<\/h2>\n<p>[\/et_pb_text][\/et_pb_column][\/et_pb_row][\/et_pb_section][et_pb_section fb_built=&#8221;1&#8243; _builder_version=&#8221;4.4.4&#8243; background_color=&#8221;#fafafa&#8221;][et_pb_row column_structure=&#8221;1_2,1_2&#8243; _builder_version=&#8221;4.4.4&#8243;][et_pb_column type=&#8221;1_2&#8243; _builder_version=&#8221;4.4.4&#8243;][et_pb_text _builder_version=&#8221;4.4.5&#8243; text_text_color=&#8221;#333333&#8243; header_font=&#8221;Montserrat|800|||||||&#8221; header_text_align=&#8221;center&#8221; text_orientation=&#8221;center&#8221; custom_padding=&#8221;||||false|false&#8221; custom_padding_tablet=&#8221;||||false|false&#8221; custom_padding_phone=&#8221;&#8221; custom_padding_last_edited=&#8221;on|phone&#8221;]<\/p>\n<h1 style=\"text-align: left;\">\u00a1Hola!<\/h1>\n<p style=\"text-align: left;\">Estamos felices por darte la bienvenida a esta gran familia \u00a1y por este paso tan importante que diste de aceptar a Jes\u00fas como tu Salvador!<\/p>\n<p style=\"text-align: left;\">Es nuestro deseo que cada d\u00eda puedas conocer m\u00e1s el amor de Dios y caminar sabiendo que no est\u00e1s solo, Dios est\u00e1 contigo.<\/p>\n<p style=\"text-align: left;\">Oramos para que seas lleno del Esp\u00edritu Santo, que tu fe en Dios crezca cada d\u00eda, que alcances todo lo que \u00c9l ha preparado para ti y seas bendecido t\u00fa y toda tu casa.<\/p>\n<p style=\"text-align: left;\">\n<p style=\"text-align: left;\"><em>Pastores Claudio y Betty Freidzon.<\/em><\/p>\n<p style=\"text-align: left;\"><strong>Iglesia Rey de Reyes<\/strong><\/p>\n<p>[\/et_pb_text][\/et_pb_column][et_pb_column type=&#8221;1_2&#8243; _builder_version=&#8221;4.4.4&#8243;][et_pb_signup provider=&#8221;sendinblue&#8221; sendinblue_list=&#8221;juanca@reydereyescomar|13&#8243; layout=&#8221;top_bottom&#8221; first_name_field=&#8221;off&#8221; last_name_field=&#8221;off&#8221; use_custom_fields=&#8221;on&#8221; success_message=&#8221;Tu formulario se envi\u00f3 correctamente.&#8221; button_text=&#8221;\u00a1Quiero que me contacten!&#8221; description=&#8221;<\/p>\n<p>Te invitamos a completar el Formulario debajo para que nos pongamos en contacto con vos.<\/p>\n<p>&#8221; _builder_version=&#8221;4.4.9&#8243; form_field_text_color=&#8221;#333333&#8243; header_level=&#8221;h1&#8243; header_text_align=&#8221;center&#8221; body_text_color=&#8221;#333333&#8243; background_enable_color=&#8221;off&#8221; use_focus_border_color=&#8221;on&#8221; custom_button=&#8221;on&#8221; button_text_size=&#8221;16px&#8221; button_text_color=&#8221;#ffffff&#8221; button_bg_color=&#8221;#2ea3f2&#8243; button_border_width=&#8221;0px&#8221; button_border_radius=&#8221;36px&#8221; button_use_icon=&#8221;off&#8221; button_custom_padding=&#8221;14px||14px||true|false&#8221; background_layout=&#8221;light&#8221; module_alignment=&#8221;center&#8221; custom_margin_tablet=&#8221;&#8221; custom_margin_phone=&#8221;&#8221; custom_margin_last_edited=&#8221;on|desktop&#8221; custom_padding=&#8221;||||false|false&#8221; border_radii_fields=&#8221;on|100px|100px|100px|100px&#8221; border_width_all_fields=&#8221;2px&#8221; border_color_all_fields=&#8221;#b3b3b3&#8243; border_color_all_fields_focus=&#8221;#2ea3f2&#8243;][et_pb_signup_custom_field field_id=&#8221;NOMBRE&#8221; field_title=&#8221;Nombre&#8221; field_type=&#8221;input&#8221; _builder_version=&#8221;4.4.5&#8243; border_radii=&#8221;on|36px|36px|36px|36px&#8221; predefined_field=&#8221;NOMBRE&#8221;][\/et_pb_signup_custom_field][et_pb_signup_custom_field field_id=&#8221;SURNAME&#8221; field_title=&#8221;Apellido&#8221; field_type=&#8221;input&#8221; _builder_version=&#8221;4.4.5&#8243; border_radii=&#8221;on|36px|36px|36px|36px&#8221; predefined_field=&#8221;SURNAME&#8221;][\/et_pb_signup_custom_field][et_pb_signup_custom_field field_id=&#8221;SMS&#8221; field_title=&#8221;Celular&#8221; field_type=&#8221;input&#8221; _builder_version=&#8221;4.4.5&#8243; border_radii=&#8221;on|36px|36px|36px|36px&#8221; predefined_field=&#8221;SMS&#8221;][\/et_pb_signup_custom_field][\/et_pb_signup][\/et_pb_column][\/et_pb_row][et_pb_row _builder_version=&#8221;4.4.5&#8243;][et_pb_column type=&#8221;4_4&#8243; _builder_version=&#8221;4.4.5&#8243;][et_pb_cta title=&#8221;Pr\u00f3ximamente: Curso %22Primeros Pasos%22&#8243; _builder_version=&#8221;4.4.5&#8243; background_color=&#8221;#2ea3f2&#8243; border_radii=&#8221;on|36px|36px|36px|36px&#8221;]<\/p>\n<p>Estamos preparando un nuevo material, para que puedas alimentar tu coraz\u00f3n y dar tus Primeros Pasos en Dios de una manera s\u00f3lida.\u00a0Este curso est\u00e1 pensado 100% en personas como vos, que acaban de recibir a Cristo en su coraz\u00f3n y necesitan del alimento del Cielo.<\/p>\n<p><strong>\u00a1No te lo pierdas!<\/strong><\/p>\n<p>[\/et_pb_cta][\/et_pb_column][\/et_pb_row][\/et_pb_section]<\/p>\n","protected":false},"excerpt":{"rendered":"<p>We are happy to welcome you to this great family and for this important step you took to accept Jesus as your Savior!<\/p>","protected":false},"author":3,"featured_media":6387,"parent":0,"menu_order":0,"comment_status":"closed","ping_status":"closed","template":"","meta":{"_et_pb_use_builder":"on","_et_pb_old_content":"","_et_gb_content_width":"","inline_featured_image":false,"footnotes":""},"class_list":["post-6377","page","type-page","status-publish","has-post-thumbnail","hentry"],"aioseo_notices":[],"_links":{"self":[{"href":"https:\/\/reydereyes.com.ar\/en\/wp-json\/wp\/v2\/pages\/6377","targetHints":{"allow":["GET"]}}],"collection":[{"href":"https:\/\/reydereyes.com.ar\/en\/wp-json\/wp\/v2\/pages"}],"about":[{"href":"https:\/\/reydereyes.com.ar\/en\/wp-json\/wp\/v2\/types\/page"}],"author":[{"embeddable":true,"href":"https:\/\/reydereyes.com.ar\/en\/wp-json\/wp\/v2\/users\/3"}],"replies":[{"embeddable":true,"href":"https:\/\/reydereyes.com.ar\/en\/wp-json\/wp\/v2\/comments?post=6377"}],"version-history":[{"count":34,"href":"https:\/\/reydereyes.com.ar\/en\/wp-json\/wp\/v2\/pages\/6377\/revisions"}],"predecessor-version":[{"id":13029,"href":"https:\/\/reydereyes.com.ar\/en\/wp-json\/wp\/v2\/pages\/6377\/revisions\/13029"}],"wp:featuredmedia":[{"embeddable":true,"href":"https:\/\/reydereyes.com.ar\/en\/wp-json\/wp\/v2\/media\/6387"}],"wp:attachment":[{"href":"https:\/\/reydereyes.com.ar\/en\/wp-json\/wp\/v2\/media?parent=6377"}],"curies":[{"name":"wp","href":"https:\/\/api.w.org\/{rel}","templated":true}]}}