{"id":526,"date":"2020-03-18T12:00:28","date_gmt":"2020-03-18T15:00:28","guid":{"rendered":"http:\/\/reydereyes.com.ar\/?page_id=526"},"modified":"2026-03-03T10:20:37","modified_gmt":"2026-03-03T13:20:37","slug":"dar","status":"publish","type":"page","link":"https:\/\/reydereyes.com.ar\/en\/dar\/","title":{"rendered":"Give"},"content":{"rendered":"<p>[et_pb_section fb_built=&#8221;1&#8243; _builder_version=&#8221;4.7.1&#8243; background_color=&#8221;#eeeeee&#8221; custom_margin=&#8221;||||false|false&#8221; custom_padding=&#8221;||||false|false&#8221;][et_pb_row column_structure=&#8221;1_2,1_2&#8243; make_equal=&#8221;on&#8221; _builder_version=&#8221;4.7.1&#8243; _module_preset=&#8221;default&#8221; background_color=&#8221;#ffffff&#8221; custom_margin=&#8221;||||false|false&#8221; border_radii=&#8221;on|8px|8px|8px|8px&#8221;][et_pb_column type=&#8221;1_2&#8243; _builder_version=&#8221;4.7.1&#8243; _module_preset=&#8221;default&#8221; custom_padding=&#8221;|20px||20px|false|true&#8221;][et_pb_image src=&#8221;https:\/\/reydereyes.com.ar\/wp-content\/uploads\/2026\/03\/Mercado_Pago.svg.png&#8221; title_text=&#8221;Mercado_Pago.svg&#8221; align=&#8221;center&#8221; _builder_version=&#8221;4.7.1&#8243; width=&#8221;50%&#8221; width_tablet=&#8221;&#8221; width_phone=&#8221;80%&#8221; width_last_edited=&#8221;on|phone&#8221;][\/et_pb_image][et_pb_button button_url=&#8221;http:\/\/reydereyes.com.ar\/producto\/ofrendar\/&#8221; button_text=&#8221;Ofrendar Ahora&#8221; button_alignment=&#8221;left&#8221; button_alignment_tablet=&#8221;left&#8221; button_alignment_phone=&#8221;center&#8221; button_alignment_last_edited=&#8221;on|desktop&#8221; _builder_version=&#8221;4.7.1&#8243; custom_button=&#8221;on&#8221; button_text_size=&#8221;16px&#8221; button_text_color=&#8221;#ffffff&#8221; button_bg_color=&#8221;#2ea3f2&#8243; button_border_width=&#8221;0px&#8221; button_border_radius=&#8221;8px&#8221; button_font=&#8221;DM Sans|700|||||||&#8221; button_use_icon=&#8221;off&#8221; custom_margin=&#8221;||||false|false&#8221; custom_padding=&#8221;16px|15px|16px|15px|true|true&#8221; hover_transition_duration=&#8221;0ms&#8221; button_icon_tablet=&#8221;&#8221; button_icon_phone=&#8221;&#8221; button_icon_last_edited=&#8221;on|phone&#8221; custom_css_main_element=&#8221;width: 100%;||&#8221;][\/et_pb_button][et_pb_text disabled_on=&#8221;off|off|off&#8221; _builder_version=&#8221;4.4.6&#8243; text_text_color=&#8221;#000000&#8243; header_font=&#8221;|700|||||||&#8221;]<\/p>\n<p style=\"text-align: center;\">O escaneando el c\u00f3digo QR con la aplicaci\u00f3n de <strong>MercadoPago<\/strong>.<\/p>\n<p style=\"text-align: center;\">\n<p>[\/et_pb_text][et_pb_image src=&#8221;http:\/\/reydereyes.com.ar\/wp-content\/uploads\/2020\/03\/Screen-Shot-2020-03-24-at-18.14.47.png&#8221; disabled_on=&#8221;off|off|off&#8221; _builder_version=&#8221;4.7.1&#8243; max_width=&#8221;300px&#8221; module_alignment=&#8221;center&#8221;][\/et_pb_image][\/et_pb_column][et_pb_column type=&#8221;1_2&#8243; _builder_version=&#8221;4.7.1&#8243; _module_preset=&#8221;default&#8221; custom_padding=&#8221;|20px||20px|false|true&#8221; custom_css_main_element=&#8221;margin:auto 0;&#8221;][et_pb_text _builder_version=&#8221;4.7.1&#8243; text_text_color=&#8221;#000000&#8243; header_font=&#8221;|700|||||||&#8221;]<\/p>\n<h3 style=\"text-align: center;\"><strong>Transferencia<\/strong><\/h3>\n<p style=\"text-align: center;\"><span>Pueden realizar una transferencia o dep\u00f3sito a la cuenta de la Iglesia utilizando la siguiente informaci\u00f3n:<\/span><\/p>\n<p style=\"text-align: center;\">Alias bancario<strong><br \/> <\/strong><span style=\"color: #c9a47a;\"><strong>REYDEREYESMICASA<\/strong><\/span><\/p>\n<p style=\"text-align: center;\">CBU<br \/> <span style=\"color: #c9a47a;\"><strong>0720014420000001056518<\/strong><\/span><\/p>\n<p style=\"text-align: center;\">CUIT<br \/> <span style=\"color: #c9a47a;\"><strong>30-53803502-1<\/strong><\/span><\/p>\n<p style=\"text-align: center;\">Cta cte en $<br \/> <span style=\"color: #c9a47a;\"><strong>014-000105651<\/strong><\/span><\/p>\n<p style=\"text-align: center;\">Titular<br \/> <span style=\"color: #c9a47a;\"><strong>UNION DE LAS ASAMBLEAS DE DIOS<\/strong><\/span><\/p>\n<p style=\"text-align: center;\">Banco<br \/> <span style=\"color: #c9a47a;\"><strong>SANTANDER<\/strong><\/span><\/p>\n<p>[\/et_pb_text][\/et_pb_column][\/et_pb_row][et_pb_row _builder_version=&#8221;4.4.1&#8243; animation_style=&#8221;fade&#8221;][et_pb_column type=&#8221;4_4&#8243; _builder_version=&#8221;4.4.1&#8243;][et_pb_divider color=&#8221;#d6d6d6&#8243; divider_position=&#8221;center&#8221; _builder_version=&#8221;4.0.6&#8243; max_width=&#8221;100px&#8221; module_alignment=&#8221;center&#8221; border_color_all=&#8221;rgba(0,0,0,0)&#8221; locked=&#8221;off&#8221;][\/et_pb_divider][et_pb_text _builder_version=&#8221;4.4.1&#8243;]<\/p>\n<p style=\"text-align: center;\"><em>Si ten\u00e9s alguna duda o quer\u00e9s hacer alguna pregunta pod\u00e9s escribir a\u00a0<a href=\"contabilidad@reydereyes.com.ar\" target=\"_blank\" rel=\"noopener noreferrer\">contabilidad@reydereyes.com.ar<\/a><\/em><\/p>\n<p>[\/et_pb_text][et_pb_text _builder_version=&#8221;4.4.4&#8243;]<\/p>\n<h1 style=\"text-align: center;\"><i>Gracias.<\/i><\/h1>\n<p>[\/et_pb_text][\/et_pb_column][\/et_pb_row][\/et_pb_section]<\/p>\n","protected":false},"excerpt":{"rendered":"<p>Thank you for your desire to contribute to the mission that God entrusted to us as a Church.<\/p>","protected":false},"author":3,"featured_media":0,"parent":0,"menu_order":0,"comment_status":"closed","ping_status":"closed","template":"","meta":{"_et_pb_use_builder":"on","_et_pb_old_content":"","_et_gb_content_width":"","inline_featured_image":false,"footnotes":""},"class_list":["post-526","page","type-page","status-publish","hentry"],"aioseo_notices":[],"_links":{"self":[{"href":"https:\/\/reydereyes.com.ar\/en\/wp-json\/wp\/v2\/pages\/526","targetHints":{"allow":["GET"]}}],"collection":[{"href":"https:\/\/reydereyes.com.ar\/en\/wp-json\/wp\/v2\/pages"}],"about":[{"href":"https:\/\/reydereyes.com.ar\/en\/wp-json\/wp\/v2\/types\/page"}],"author":[{"embeddable":true,"href":"https:\/\/reydereyes.com.ar\/en\/wp-json\/wp\/v2\/users\/3"}],"replies":[{"embeddable":true,"href":"https:\/\/reydereyes.com.ar\/en\/wp-json\/wp\/v2\/comments?post=526"}],"version-history":[{"count":121,"href":"https:\/\/reydereyes.com.ar\/en\/wp-json\/wp\/v2\/pages\/526\/revisions"}],"predecessor-version":[{"id":36012,"href":"https:\/\/reydereyes.com.ar\/en\/wp-json\/wp\/v2\/pages\/526\/revisions\/36012"}],"wp:attachment":[{"href":"https:\/\/reydereyes.com.ar\/en\/wp-json\/wp\/v2\/media?parent=526"}],"curies":[{"name":"wp","href":"https:\/\/api.w.org\/{rel}","templated":true}]}}