{"id":36602,"date":"2026-04-13T21:56:02","date_gmt":"2026-04-14T00:56:02","guid":{"rendered":"https:\/\/reydereyes.com.ar\/?page_id=36602"},"modified":"2026-04-29T17:33:47","modified_gmt":"2026-04-29T20:33:47","slug":"global","status":"publish","type":"page","link":"https:\/\/reydereyes.com.ar\/en\/global\/","title":{"rendered":"Rey de Reyes GLOBAL"},"content":{"rendered":"<p>[et_pb_section fb_built=&#8221;1&#8243; admin_label=&#8221;Secci\u00f3n&#8221; _builder_version=&#8221;4.7.1&#8243; _module_preset=&#8221;default&#8221; background_enable_color=&#8221;off&#8221; use_background_color_gradient=&#8221;on&#8221; background_color_gradient_start=&#8221;rgba(0,0,0,0.2)&#8221; background_color_gradient_end=&#8221;#000000&#8243; background_color_gradient_overlays_image=&#8221;on&#8221; background_image=&#8221;https:\/\/reydereyes.com.ar\/wp-content\/uploads\/2026\/02\/20250816_20H-IGL_REU_JOV-TOMMY.ALVAREZ-D06_0022-scaled.jpg&#8221;][et_pb_row make_equal=&#8221;on&#8221; _builder_version=&#8221;4.7.1&#8243; _module_preset=&#8221;default&#8221; min_height=&#8221;70vh&#8221;][et_pb_column type=&#8221;4_4&#8243; admin_label=&#8221;Columna&#8221; _builder_version=&#8221;4.7.1&#8243; _module_preset=&#8221;default&#8221; custom_css_main_element=&#8221;margin: auto 0 0;&#8221;][et_pb_text _builder_version=&#8221;4.7.1&#8243; _module_preset=&#8221;default&#8221; text_text_color=&#8221;#ffffff&#8221; header_font=&#8221;|800||on|||||&#8221; header_text_color=&#8221;#ffe198&#8243; header_font_size=&#8221;80px&#8221; header_2_font=&#8221;|||on|||||&#8221; header_2_text_color=&#8221;#ffffff&#8221; header_2_font_size=&#8221;2vw&#8221; header_3_font=&#8221;||||||||&#8221; header_3_text_color=&#8221;#ffffff&#8221; header_3_font_size=&#8221;32px&#8221; hover_enabled=&#8221;0&#8243; header_font_size_tablet=&#8221;72px&#8221; header_font_size_phone=&#8221;40px&#8221; header_font_size_last_edited=&#8221;on|phone&#8221; sticky_enabled=&#8221;0&#8243;]<\/p>\n<h3>Rey de Reyes GLOBAL<\/h3>\n<h1>ESCUELA MINISTERIAL PARA CRECER EN DIOS, EN SU PALABRA Y EN SU PROP\u00d3SITO<\/h1>\n<p>\u00danete a una comunidad global de fe en expansi\u00f3n. Formaci\u00f3n espiritual profunda, encuentros transformadores y un camino claro hacia tu prop\u00f3sito divino. Todo desde cualquier lugar del mundo.<\/p>\n<p>[\/et_pb_text][et_pb_text _builder_version=&#8221;4.7.1&#8243; _module_preset=&#8221;default&#8221; header_font_size=&#8221;4vw&#8221; header_2_font=&#8221;|||on|||||&#8221; header_2_text_color=&#8221;#ffffff&#8221; header_2_font_size=&#8221;2vw&#8221; header_3_font=&#8221;||||||||&#8221; header_3_text_color=&#8221;#ffe198&#8243;]<\/p>\n<h3>\u00a1Ya est\u00e1n abiertas las suscripciones!<\/h3>\n<p>[\/et_pb_text][et_pb_button button_url=&#8221;https:\/\/rey-de-reyes-global.tiendup.com\/p\/argentina&#8221; button_text=&#8221;\ud83c\udde6\ud83c\uddf7 Vivo en Argentina&#8221; _builder_version=&#8221;4.7.1&#8243; _module_preset=&#8221;default&#8221; custom_button=&#8221;on&#8221; button_text_color=&#8221;#333333&#8243; button_bg_color=&#8221;#ffffff&#8221; button_border_radius=&#8221;8px&#8221; button_use_icon=&#8221;off&#8221; custom_padding=&#8221;16px|24px|16px|24px|true|true&#8221;][\/et_pb_button][et_pb_button button_url=&#8221;https:\/\/kingofkings.global&#8221; button_text=&#8221;\ud83c\udf0e Otro pa\u00eds \/ Other country&#8221; _builder_version=&#8221;4.7.1&#8243; _module_preset=&#8221;default&#8221; custom_button=&#8221;on&#8221; button_text_size=&#8221;16px&#8221; button_text_color=&#8221;#ffffff&#8221; button_bg_color=&#8221;rgba(0,0,0,0)&#8221; button_text_color_last_edited=&#8221;off|desktop&#8221;][\/et_pb_button][\/et_pb_column][\/et_pb_row][\/et_pb_section][et_pb_section fb_built=&#8221;1&#8243; _builder_version=&#8221;4.7.1&#8243; _module_preset=&#8221;default&#8221; background_color=&#8221;#111111&#8243;][et_pb_row _builder_version=&#8221;4.7.1&#8243; _module_preset=&#8221;default&#8221;][et_pb_column type=&#8221;4_4&#8243; _builder_version=&#8221;4.7.1&#8243; _module_preset=&#8221;default&#8221;][et_pb_text _builder_version=&#8221;4.7.1&#8243; _module_preset=&#8221;default&#8221; text_text_color=&#8221;#ffffff&#8221; header_text_color=&#8221;#ffe198&#8243; header_font_size=&#8221;4vw&#8221; header_2_font=&#8221;|||on|||||&#8221; header_2_text_color=&#8221;#ffe198&#8243; header_2_font_size=&#8221;40px&#8221; header_3_font=&#8221;||||||||&#8221; header_4_text_color=&#8221;#b3b3b3&#8243; text_orientation=&#8221;center&#8221; header_2_font_size_tablet=&#8221;&#8221; header_2_font_size_phone=&#8221;32px&#8221; header_2_font_size_last_edited=&#8221;on|phone&#8221;]<\/p>\n<h2>6 M\u00f3dulos de Transformaci\u00f3n Espiritual<\/h2>\n<p>Cada m\u00f3dulo est\u00e1 dise\u00f1ado para llevarte a un nivel m\u00e1s profundo de fe, car\u00e1cter y prop\u00f3sito divino<\/p>\n<p>[\/et_pb_text][\/et_pb_column][\/et_pb_row][et_pb_row column_structure=&#8221;1_3,1_3,1_3&#8243; _builder_version=&#8221;4.7.1&#8243; _module_preset=&#8221;default&#8221;][et_pb_column type=&#8221;1_3&#8243; _builder_version=&#8221;4.7.1&#8243; _module_preset=&#8221;default&#8221;][et_pb_text _builder_version=&#8221;4.7.1&#8243; _module_preset=&#8221;default&#8221; header_3_text_color=&#8221;#ffffff&#8221; header_3_font_size=&#8221;24px&#8221; header_3_line_height=&#8221;1.4em&#8221; header_4_text_color=&#8221;#b3b3b3&#8243; custom_padding=&#8221;16px||16px|16px|true|false&#8221; border_width_left=&#8221;4px&#8221; border_color_left=&#8221;#f8e199&#8243;]<\/p>\n<h4>M\u00d3DULO 1<\/h4>\n<h3>C\u00f3mo experimentar un despertar espiritual<\/h3>\n<p>Aprende a reconocer el movimiento del Esp\u00edritu Santo en tu vida. Descubre c\u00f3mo la oraci\u00f3n profunda, la intercesi\u00f3n y la adoraci\u00f3n pueden abrir las puertas a un avivamiento personal que transforme tu relaci\u00f3n con Dios y tu efectividad en el reino.[\/et_pb_text][\/et_pb_column][et_pb_column type=&#8221;1_3&#8243; _builder_version=&#8221;4.7.1&#8243; _module_preset=&#8221;default&#8221;][et_pb_text _builder_version=&#8221;4.7.1&#8243; _module_preset=&#8221;default&#8221; header_3_text_color=&#8221;#ffffff&#8221; header_3_font_size=&#8221;24px&#8221; header_3_line_height=&#8221;1.4em&#8221; header_4_text_color=&#8221;#b3b3b3&#8243; custom_padding=&#8221;16px||16px|16px|true|false&#8221; border_width_left=&#8221;4px&#8221; border_color_left=&#8221;#f8e199&#8243;]<\/p>\n<h4>M\u00d3DULO 2<\/h4>\n<h3>Car\u00e1cter de Cristo y vida cristiana<br \/>\n<\/h3>\n<p>Desarrolla los atributos fundamentales de Jes\u00fas en tu vida cotidiana. Desde la humildad hasta la compasi\u00f3n, aprende c\u00f3mo reflejar el car\u00e1cter de Cristo en tu familia, trabajo y comunidad de manera aut\u00e9ntica y poderosa.[\/et_pb_text][\/et_pb_column][et_pb_column type=&#8221;1_3&#8243; _builder_version=&#8221;4.7.1&#8243; _module_preset=&#8221;default&#8221;][et_pb_text _builder_version=&#8221;4.7.1&#8243; _module_preset=&#8221;default&#8221; header_3_text_color=&#8221;#ffffff&#8221; header_3_font_size=&#8221;24px&#8221; header_3_line_height=&#8221;1.4em&#8221; header_4_text_color=&#8221;#b3b3b3&#8243; custom_padding=&#8221;16px||16px|16px|true|false&#8221; border_width_left=&#8221;4px&#8221; border_color_left=&#8221;#f8e199&#8243;]<\/p>\n<h4>M\u00d3DULO 3<\/h4>\n<h3>Identidad sana para servicio fiel<br \/>\n<\/h3>\n<p>Construye una identidad inquebrantable en Cristo. Supera inseguridades, compara y baja autoestima. Descubre qui\u00e9n eres realmente en Dios y c\u00f3mo esa verdad te libera para servir con autoridad, autenticidad y prop\u00f3sito genuino.[\/et_pb_text][\/et_pb_column][\/et_pb_row][et_pb_row column_structure=&#8221;1_3,1_3,1_3&#8243; _builder_version=&#8221;4.7.1&#8243; _module_preset=&#8221;default&#8221;][et_pb_column type=&#8221;1_3&#8243; _builder_version=&#8221;4.7.1&#8243; _module_preset=&#8221;default&#8221;][et_pb_text _builder_version=&#8221;4.7.1&#8243; _module_preset=&#8221;default&#8221; header_3_text_color=&#8221;#ffffff&#8221; header_3_font_size=&#8221;24px&#8221; header_3_line_height=&#8221;1.4em&#8221; header_4_text_color=&#8221;#b3b3b3&#8243; custom_padding=&#8221;16px||16px|16px|true|false&#8221; border_width_left=&#8221;4px&#8221; border_color_left=&#8221;#f8e199&#8243;]<\/p>\n<h4>M\u00d3DULO 4<\/h4>\n<h3>Poder de la Cruz<br \/>\n<\/h3>\n<p>Entiende la profundidad del sacrificio de Cristo y su poder transformador. Desde la redenci\u00f3n hasta la sanidad emocional, aprende c\u00f3mo aplicar la realidad de la cruz a cada aspecto de tu vida espiritual y personal.[\/et_pb_text][\/et_pb_column][et_pb_column type=&#8221;1_3&#8243; _builder_version=&#8221;4.7.1&#8243; _module_preset=&#8221;default&#8221;][et_pb_text _builder_version=&#8221;4.7.1&#8243; _module_preset=&#8221;default&#8221; header_3_text_color=&#8221;#ffffff&#8221; header_3_font_size=&#8221;24px&#8221; header_3_line_height=&#8221;1.4em&#8221; header_4_text_color=&#8221;#b3b3b3&#8243; custom_padding=&#8221;16px||16px|16px|true|false&#8221; border_width_left=&#8221;4px&#8221; border_color_left=&#8221;#f8e199&#8243;]<\/p>\n<h4>M\u00d3DULO 5<\/h4>\n<h3>Caminando en lo sobrenatural<\/h3>\n<p>Accede a la dimensi\u00f3n sobrenatural del Esp\u00edritu Santo. Aprende sobre se\u00f1ales, milagros, sanidades y el poder del nombre de Jes\u00fas. Descubre c\u00f3mo moverte en lo sobrenatural de manera b\u00edblica, humilde y efectiva.[\/et_pb_text][\/et_pb_column][et_pb_column type=&#8221;1_3&#8243; _builder_version=&#8221;4.7.1&#8243; _module_preset=&#8221;default&#8221;][et_pb_text _builder_version=&#8221;4.7.1&#8243; _module_preset=&#8221;default&#8221; header_3_text_color=&#8221;#ffffff&#8221; header_3_font_size=&#8221;24px&#8221; header_3_line_height=&#8221;1.4em&#8221; header_4_text_color=&#8221;#b3b3b3&#8243; custom_padding=&#8221;16px||16px|16px|true|false&#8221; border_width_left=&#8221;4px&#8221; border_color_left=&#8221;#f8e199&#8243;]<\/p>\n<h4>M\u00d3DULO 6<\/h4>\n<h3>Activaci\u00f3n y misi\u00f3n<\/h3>\n<p>Identifica tu llamado espec\u00edfico y act\u00edvate en la misi\u00f3n de Dios. Aprende c\u00f3mo convertir tu fe en acci\u00f3n, multiplicar tu impacto y dejar un legado espiritual duradero en tu generaci\u00f3n.[\/et_pb_text][\/et_pb_column][\/et_pb_row][\/et_pb_section][et_pb_section fb_built=&#8221;1&#8243; _builder_version=&#8221;4.7.1&#8243; _module_preset=&#8221;default&#8221; background_color=&#8221;#000&#8243;][et_pb_row _builder_version=&#8221;4.7.1&#8243; _module_preset=&#8221;default&#8221;][et_pb_column type=&#8221;4_4&#8243; _builder_version=&#8221;4.7.1&#8243; _module_preset=&#8221;default&#8221;][et_pb_text _builder_version=&#8221;4.7.1&#8243; _module_preset=&#8221;default&#8221; header_font_size=&#8221;4vw&#8221; header_2_font=&#8221;|||on|||||&#8221; header_2_text_color=&#8221;#ffffff&#8221; header_2_font_size=&#8221;40px&#8221; header_3_font=&#8221;||||||||&#8221; text_orientation=&#8221;center&#8221; header_2_text_align_tablet=&#8221;&#8221; header_2_text_align_phone=&#8221;center&#8221; header_2_text_align_last_edited=&#8221;on|desktop&#8221; header_2_font_size_tablet=&#8221;&#8221; header_2_font_size_phone=&#8221;32px&#8221; header_2_font_size_last_edited=&#8221;on|tablet&#8221;]<\/p>\n<h2>Lo que incluye tu suscripci\u00f3n<\/h2>\n<p>[\/et_pb_text][\/et_pb_column][\/et_pb_row][et_pb_row column_structure=&#8221;1_3,1_3,1_3&#8243; _builder_version=&#8221;4.7.1&#8243; _module_preset=&#8221;default&#8221;][et_pb_column type=&#8221;1_3&#8243; _builder_version=&#8221;4.7.1&#8243; _module_preset=&#8221;default&#8221;][et_pb_blurb title=&#8221;Encuentros en vivo&#8221; use_icon=&#8221;on&#8221; font_icon=&#8221;%%122%%&#8221; icon_color=&#8221;#f8e199&#8243; use_icon_font_size=&#8221;on&#8221; icon_font_size=&#8221;48px&#8221; _builder_version=&#8221;4.7.1&#8243; _module_preset=&#8221;default&#8221; header_text_color=&#8221;#ffe198&#8243; header_font_size=&#8221;24px&#8221; body_text_color=&#8221;#ffffff&#8221; text_orientation=&#8221;center&#8221;]<\/p>\n<p>Conexiones semanales con la comunidad global para oraci\u00f3n, impartici\u00f3n y ministraci\u00f3n conjunta<\/p>\n<p>[\/et_pb_blurb][et_pb_blurb title=&#8221;Espacios de interacci\u00f3n&#8221; use_icon=&#8221;on&#8221; font_icon=&#8221;%%85%%&#8221; icon_color=&#8221;#f8e199&#8243; use_icon_font_size=&#8221;on&#8221; icon_font_size=&#8221;48px&#8221; _builder_version=&#8221;4.7.1&#8243; _module_preset=&#8221;default&#8221; header_text_color=&#8221;#ffe198&#8243; header_font_size=&#8221;24px&#8221; body_text_color=&#8221;#ffffff&#8221; text_orientation=&#8221;center&#8221;]Foros, chats y grupos de apoyo para compartir experiencias, hacer preguntas y crecer juntos[\/et_pb_blurb][\/et_pb_column][et_pb_column type=&#8221;1_3&#8243; _builder_version=&#8221;4.7.1&#8243; _module_preset=&#8221;default&#8221;][et_pb_blurb title=&#8221;Contenido exclusivo online&#8221; use_icon=&#8221;on&#8221; font_icon=&#8221;%%127%%&#8221; icon_color=&#8221;#f8e199&#8243; use_icon_font_size=&#8221;on&#8221; icon_font_size=&#8221;48px&#8221; _builder_version=&#8221;4.7.1&#8243; _module_preset=&#8221;default&#8221; header_text_color=&#8221;#ffe198&#8243; header_font_size=&#8221;24px&#8221; body_text_color=&#8221;#ffffff&#8221; text_orientation=&#8221;center&#8221;]6 m\u00f3dulos completos con lecciones en video, materiales descargables y recursos de estudio profundo[\/et_pb_blurb][et_pb_blurb title=&#8221;Acompa\u00f1amiento personalizado&#8221; use_icon=&#8221;on&#8221; font_icon=&#8221;%%166%%&#8221; icon_color=&#8221;#f8e199&#8243; use_icon_font_size=&#8221;on&#8221; icon_font_size=&#8221;48px&#8221; _builder_version=&#8221;4.7.1&#8243; _module_preset=&#8221;default&#8221; header_text_color=&#8221;#ffe198&#8243; header_font_size=&#8221;24px&#8221; body_text_color=&#8221;#ffffff&#8221; text_orientation=&#8221;center&#8221;]Orientaci\u00f3n sobre c\u00f3mo aplicar el contenido a tu vida y maximizar tu transformaci\u00f3n espiritual[\/et_pb_blurb][\/et_pb_column][et_pb_column type=&#8221;1_3&#8243; _builder_version=&#8221;4.7.1&#8243; _module_preset=&#8221;default&#8221;][et_pb_blurb title=&#8221;Comunidad global&#8221; use_icon=&#8221;on&#8221; font_icon=&#8221;%%165%%&#8221; icon_color=&#8221;#f8e199&#8243; use_icon_font_size=&#8221;on&#8221; icon_font_size=&#8221;48px&#8221; _builder_version=&#8221;4.7.1&#8243; _module_preset=&#8221;default&#8221; header_text_color=&#8221;#ffe198&#8243; header_font_size=&#8221;24px&#8221; body_text_color=&#8221;#ffffff&#8221; text_orientation=&#8221;center&#8221;]Acceso a una red de hermanos y hermanas de todo el mundo comprometidos con el mismo fuego y prop\u00f3sito[\/et_pb_blurb][et_pb_blurb title=&#8221;Acceso on demand&#8221; use_icon=&#8221;on&#8221; font_icon=&#8221;%%141%%&#8221; icon_color=&#8221;#f8e199&#8243; use_icon_font_size=&#8221;on&#8221; icon_font_size=&#8221;48px&#8221; _builder_version=&#8221;4.7.1&#8243; _module_preset=&#8221;default&#8221; header_text_color=&#8221;#ffe198&#8243; header_font_size=&#8221;24px&#8221; body_text_color=&#8221;#ffffff&#8221; text_orientation=&#8221;center&#8221;]Revisa los cursos una y otra vez, descarga materiales y accede al contenido cuando lo necesites[\/et_pb_blurb][\/et_pb_column][\/et_pb_row][\/et_pb_section][et_pb_section fb_built=&#8221;1&#8243; _builder_version=&#8221;4.7.1&#8243; _module_preset=&#8221;default&#8221; background_image=&#8221;https:\/\/reydereyes.com.ar\/wp-content\/uploads\/2026\/04\/Ministerio-a-las-naciones.00_02_40_06.Still004.jpg&#8221;][et_pb_row column_structure=&#8221;1_2,1_2&#8243; make_equal=&#8221;on&#8221; _builder_version=&#8221;4.7.1&#8243; _module_preset=&#8221;default&#8221; background_color=&#8221;rgba(0,0,0,0.8)&#8221; custom_margin=&#8221;||||false|false&#8221; custom_padding=&#8221;0px||0px||true|false&#8221;][et_pb_column type=&#8221;1_2&#8243; _builder_version=&#8221;4.7.1&#8243; _module_preset=&#8221;default&#8221;][et_pb_image src=&#8221;https:\/\/reydereyes.com.ar\/wp-content\/uploads\/2026\/04\/20260314H18-IRGE-SEVA-B002_0213.jpeg&#8221; title_text=&#8221;20260314H18-IRGE-SEVA-B002_0213&#8243; force_fullwidth=&#8221;on&#8221; _builder_version=&#8221;4.7.1&#8243; _module_preset=&#8221;default&#8221;][\/et_pb_image][\/et_pb_column][et_pb_column type=&#8221;1_2&#8243; _builder_version=&#8221;4.7.1&#8243; _module_preset=&#8221;default&#8221; custom_padding=&#8221;|40px|||false|false&#8221; custom_padding_tablet=&#8221;10px|20px|20px|20px|false|true&#8221; custom_padding_phone=&#8221;0px|20px|20px|20px|false|true&#8221; custom_padding_last_edited=&#8221;on|desktop&#8221; custom_css_main_element=&#8221;margin: auto;&#8221;][et_pb_text _builder_version=&#8221;4.7.1&#8243; _module_preset=&#8221;default&#8221; text_text_color=&#8221;#ffffff&#8221; text_line_height=&#8221;1.5em&#8221; header_font_size=&#8221;4vw&#8221; header_2_font=&#8221;|||on|||||&#8221; header_2_text_color=&#8221;#ffe198&#8243; header_2_font_size=&#8221;40px&#8221; header_3_font=&#8221;||||||||&#8221; header_3_text_color=&#8221;#ffe198&#8243; header_2_font_size_tablet=&#8221;&#8221; header_2_font_size_phone=&#8221;32px&#8221; header_2_font_size_last_edited=&#8221;on|phone&#8221;]<\/p>\n<h2>Pastores Claudio y Betty Freidzon<\/h2>\n<p>Con m\u00e1s de 45 a\u00f1os de ministerio dedicados a la formaci\u00f3n espiritual y el avivamiento, Claudio y Betty Freidzon lideran una comunidad global conectada por el mismo fuego y llamado. Su pasi\u00f3n es equipar a nuevas generaciones para que vivan en poder sobrenatural, car\u00e1cter cristiano aut\u00e9ntico y prop\u00f3sito divino claro.<\/p>\n<p>Junto a ellos, un equipo pastoral s\u00f3lido y invitados especiales de distintas partes del mundo aportan riqueza y profundidad a cada lecci\u00f3n.<\/p>\n<p>[\/et_pb_text][\/et_pb_column][\/et_pb_row][\/et_pb_section][et_pb_section fb_built=&#8221;1&#8243; _builder_version=&#8221;4.7.1&#8243; _module_preset=&#8221;default&#8221; background_color=&#8221;#ffe198&#8243;][et_pb_row _builder_version=&#8221;4.7.1&#8243; _module_preset=&#8221;default&#8221;][et_pb_column type=&#8221;4_4&#8243; _builder_version=&#8221;4.7.1&#8243; _module_preset=&#8221;default&#8221;][et_pb_text _builder_version=&#8221;4.7.1&#8243; _module_preset=&#8221;default&#8221; text_font=&#8221;|300|||||||&#8221; text_text_color=&#8221;#333333&#8243; text_font_size=&#8221;26px&#8221; text_line_height=&#8221;1.4em&#8221; header_font_size=&#8221;4vw&#8221; header_2_font=&#8221;|||on|||||&#8221; header_2_font_size=&#8221;2vw&#8221; header_3_font=&#8221;||||||||&#8221;]<\/p>\n<p>&#8220;Pero ustedes son miembros de la familia de Dios, son sacerdotes al servicio del Rey, y son su pueblo. Dios mismo los sac\u00f3 de la oscuridad del pecado, y los hizo entrar en su luz maravillosa. Por eso, anuncien las maravillas que Dios ha hecho.&#8221;<br \/>\n<strong>1 Pedro 2:9 (TLA)<\/strong><\/p>\n<p>[\/et_pb_text][\/et_pb_column][\/et_pb_row][\/et_pb_section][et_pb_section fb_built=&#8221;1&#8243; _builder_version=&#8221;4.7.1&#8243; _module_preset=&#8221;default&#8221; background_image=&#8221;https:\/\/reydereyes.com.ar\/wp-content\/uploads\/2026\/04\/Ministerio-a-las-naciones.00_04_05_13.Still014.jpg&#8221;][et_pb_row column_structure=&#8221;3_5,2_5&#8243; make_equal=&#8221;on&#8221; _builder_version=&#8221;4.7.1&#8243; _module_preset=&#8221;default&#8221; background_color=&#8221;#ffffff&#8221; custom_padding=&#8221;0px|0px|0px|0px|true|true&#8221;][et_pb_column type=&#8221;3_5&#8243; _builder_version=&#8221;4.7.1&#8243; _module_preset=&#8221;default&#8221;][et_pb_image src=&#8221;https:\/\/reydereyes.com.ar\/wp-content\/uploads\/2026\/04\/20260207H18-IRGE-DIMA-B002_0159-scaled.jpg&#8221; title_text=&#8221;20260207H18-IRGE-DIMA-B002_0159&#8243; force_fullwidth=&#8221;on&#8221; _builder_version=&#8221;4.7.1&#8243; _module_preset=&#8221;default&#8221;][\/et_pb_image][\/et_pb_column][et_pb_column type=&#8221;2_5&#8243; _builder_version=&#8221;4.7.1&#8243; _module_preset=&#8221;default&#8221; custom_padding=&#8221;|40px||0px|false|false&#8221; custom_padding_tablet=&#8221;|30px||30px|false|true&#8221; custom_padding_phone=&#8221;0px|20px|40px|20px|false|true&#8221; custom_padding_last_edited=&#8221;on|tablet&#8221; custom_css_main_element=&#8221;margin: auto;&#8221;][et_pb_text _builder_version=&#8221;4.7.1&#8243; _module_preset=&#8221;default&#8221; text_text_color=&#8221;#333333&#8243; header_font_size=&#8221;4vw&#8221; header_2_font=&#8221;|||on|||||&#8221; header_2_font_size=&#8221;40px&#8221; header_3_font=&#8221;||||||||&#8221; header_2_font_size_tablet=&#8221;&#8221; header_2_font_size_phone=&#8221;32px&#8221; header_2_font_size_last_edited=&#8221;on|phone&#8221;]<\/p>\n<h2>Conoce la comunidad Rey de Reyes GLOBAL<\/h2>\n<p>Descubre c\u00f3mo esta escuela ministerial est\u00e1 transformando vidas en todo el mundo a trav\u00e9s de formaci\u00f3n b\u00edblica s\u00f3lida, impartici\u00f3n del Esp\u00edritu Santo y comunidad aut\u00e9ntica.<\/p>\n<p><strong>\u00bfTe lo vas a perder?<\/strong><\/p>\n<p>[\/et_pb_text][et_pb_button button_url=&#8221;https:\/\/rey-de-reyes-global.tiendup.com\/p\/argentina&#8221; button_text=&#8221;\ud83c\udde6\ud83c\uddf7 Vivo en Argentina&#8221; _builder_version=&#8221;4.7.1&#8243; _module_preset=&#8221;default&#8221; custom_button=&#8221;on&#8221; button_text_color=&#8221;#ffffff&#8221; button_bg_color=&#8221;#333333&#8243; button_border_radius=&#8221;8px&#8221; button_use_icon=&#8221;off&#8221; custom_padding=&#8221;16px|24px|16px|24px|true|true&#8221;][\/et_pb_button][et_pb_button button_url=&#8221;https:\/\/kingofkings.global&#8221; button_text=&#8221;\ud83c\udf0e Otro pa\u00eds \/ Other country&#8221; _builder_version=&#8221;4.7.1&#8243; _module_preset=&#8221;default&#8221; custom_button=&#8221;on&#8221; button_text_size=&#8221;16px&#8221; button_text_color=&#8221;#333333&#8243; button_bg_color=&#8221;rgba(0,0,0,0)&#8221; button_text_color_last_edited=&#8221;off|desktop&#8221;][\/et_pb_button][\/et_pb_column][\/et_pb_row][\/et_pb_section][et_pb_section fb_built=&#8221;1&#8243; _builder_version=&#8221;4.7.1&#8243; _module_preset=&#8221;default&#8221; background_color=&#8221;#000&#8243;][et_pb_row column_structure=&#8221;1_4,3_4&#8243; make_equal=&#8221;on&#8221; _builder_version=&#8221;4.7.1&#8243; _module_preset=&#8221;default&#8221; custom_padding=&#8221;0px|0px|0px|0px|true|true&#8221;][et_pb_column type=&#8221;1_4&#8243; _builder_version=&#8221;4.7.1&#8243; _module_preset=&#8221;default&#8221; custom_css_main_element=&#8221;margin: auto;&#8221;][et_pb_image src=&#8221;https:\/\/reydereyes.com.ar\/wp-content\/uploads\/2026\/04\/global_logo.png&#8221; title_text=&#8221;global_logo&#8221; align=&#8221;right&#8221; align_tablet=&#8221;left&#8221; align_phone=&#8221;left&#8221; align_last_edited=&#8221;on|desktop&#8221; disabled_on=&#8221;off|off|off&#8221; _builder_version=&#8221;4.7.1&#8243; _module_preset=&#8221;default&#8221; module_alignment=&#8221;right&#8221; height=&#8221;160px&#8221;][\/et_pb_image][\/et_pb_column][et_pb_column type=&#8221;3_4&#8243; _builder_version=&#8221;4.7.1&#8243; _module_preset=&#8221;default&#8221;][et_pb_text _builder_version=&#8221;4.7.1&#8243; _module_preset=&#8221;default&#8221; text_text_color=&#8221;#ffffff&#8221; header_font_size=&#8221;4vw&#8221; header_2_font=&#8221;|||on|||||&#8221; header_2_text_color=&#8221;#ffe198&#8243; header_2_font_size=&#8221;40px&#8221; header_3_font=&#8221;||||||||&#8221; header_2_font_size_tablet=&#8221;&#8221; header_2_font_size_phone=&#8221;32px&#8221; header_2_font_size_last_edited=&#8221;on|desktop&#8221;]<\/p>\n<h2>\u00bfEst\u00e1s listo para tu transformaci\u00f3n?<\/h2>\n<p>\u00danete a miles de personas en todo el mundo que ya est\u00e1n viviendo un avivamiento personal a trav\u00e9s de Rey de Reyes Global. Tu viaje hacia el prop\u00f3sito divino comienza aqu\u00ed.<\/p>\n<p>[\/et_pb_text][et_pb_button button_url=&#8221;https:\/\/rey-de-reyes-global.tiendup.com\/p\/argentina&#8221; button_text=&#8221;\ud83c\udde6\ud83c\uddf7 Vivo en Argentina&#8221; _builder_version=&#8221;4.7.1&#8243; _module_preset=&#8221;default&#8221; custom_button=&#8221;on&#8221; button_text_color=&#8221;#333333&#8243; button_bg_color=&#8221;#ffe198&#8243; button_border_radius=&#8221;8px&#8221; button_use_icon=&#8221;off&#8221; custom_padding=&#8221;16px|24px|16px|24px|true|true&#8221;][\/et_pb_button][et_pb_button button_url=&#8221;https:\/\/kingofkings.global&#8221; button_text=&#8221;\ud83c\udf0e Otro pa\u00eds \/ Other country&#8221; _builder_version=&#8221;4.7.1&#8243; _module_preset=&#8221;default&#8221; custom_button=&#8221;on&#8221; button_text_size=&#8221;16px&#8221; button_text_color=&#8221;#ffffff&#8221; button_bg_color=&#8221;rgba(0,0,0,0)&#8221; button_text_color_last_edited=&#8221;off|desktop&#8221;][\/et_pb_button][\/et_pb_column][\/et_pb_row][\/et_pb_section]<\/p>\n","protected":false},"excerpt":{"rendered":"<p>[et_pb_section fb_built=&#8221;1&#8243; admin_label=&#8221;Secci\u00f3n&#8221; _builder_version=&#8221;4.7.1&#8243; _module_preset=&#8221;default&#8221; background_enable_color=&#8221;off&#8221; use_background_color_gradient=&#8221;on&#8221; background_color_gradient_start=&#8221;rgba(0,0,0,0.2)&#8221; background_color_gradient_end=&#8221;#000000&#8243; background_color_gradient_overlays_image=&#8221;on&#8221; background_image=&#8221;https:\/\/reydereyes.com.ar\/wp-content\/uploads\/2026\/02\/20250816_20H-IGL_REU_JOV-TOMMY.ALVAREZ-D06_0022-scaled.jpg&#8221;][et_pb_row make_equal=&#8221;on&#8221; _builder_version=&#8221;4.7.1&#8243; _module_preset=&#8221;default&#8221; min_height=&#8221;70vh&#8221;][et_pb_column type=&#8221;4_4&#8243; admin_label=&#8221;Columna&#8221; _builder_version=&#8221;4.7.1&#8243; _module_preset=&#8221;default&#8221; custom_css_main_element=&#8221;margin: auto 0 0;&#8221;][et_pb_text _builder_version=&#8221;4.7.1&#8243; _module_preset=&#8221;default&#8221; text_text_color=&#8221;#ffffff&#8221; header_font=&#8221;|800||on|||||&#8221; header_text_color=&#8221;#ffe198&#8243; header_font_size=&#8221;80px&#8221; header_2_font=&#8221;|||on|||||&#8221; header_2_text_color=&#8221;#ffffff&#8221; header_2_font_size=&#8221;2vw&#8221; header_3_font=&#8221;||||||||&#8221; header_3_text_color=&#8221;#ffffff&#8221; header_3_font_size=&#8221;32px&#8221; hover_enabled=&#8221;0&#8243; header_font_size_tablet=&#8221;72px&#8221; header_font_size_phone=&#8221;40px&#8221; header_font_size_last_edited=&#8221;on|phone&#8221; sticky_enabled=&#8221;0&#8243;] Rey de Reyes GLOBAL ESCUELA MINISTERIAL PARA CRECER EN DIOS, EN SU PALABRA Y EN [&hellip;]<\/p>\n","protected":false},"author":3,"featured_media":36731,"parent":0,"menu_order":0,"comment_status":"closed","ping_status":"closed","template":"","meta":{"_et_pb_use_builder":"on","_et_pb_old_content":"","_et_gb_content_width":"","inline_featured_image":false,"footnotes":""},"class_list":["post-36602","page","type-page","status-publish","has-post-thumbnail","hentry"],"aioseo_notices":[],"_links":{"self":[{"href":"https:\/\/reydereyes.com.ar\/en\/wp-json\/wp\/v2\/pages\/36602","targetHints":{"allow":["GET"]}}],"collection":[{"href":"https:\/\/reydereyes.com.ar\/en\/wp-json\/wp\/v2\/pages"}],"about":[{"href":"https:\/\/reydereyes.com.ar\/en\/wp-json\/wp\/v2\/types\/page"}],"author":[{"embeddable":true,"href":"https:\/\/reydereyes.com.ar\/en\/wp-json\/wp\/v2\/users\/3"}],"replies":[{"embeddable":true,"href":"https:\/\/reydereyes.com.ar\/en\/wp-json\/wp\/v2\/comments?post=36602"}],"version-history":[{"count":159,"href":"https:\/\/reydereyes.com.ar\/en\/wp-json\/wp\/v2\/pages\/36602\/revisions"}],"predecessor-version":[{"id":37036,"href":"https:\/\/reydereyes.com.ar\/en\/wp-json\/wp\/v2\/pages\/36602\/revisions\/37036"}],"wp:featuredmedia":[{"embeddable":true,"href":"https:\/\/reydereyes.com.ar\/en\/wp-json\/wp\/v2\/media\/36731"}],"wp:attachment":[{"href":"https:\/\/reydereyes.com.ar\/en\/wp-json\/wp\/v2\/media?parent=36602"}],"curies":[{"name":"wp","href":"https:\/\/api.w.org\/{rel}","templated":true}]}}