{"id":24502,"date":"2024-02-09T12:43:54","date_gmt":"2024-02-09T15:43:54","guid":{"rendered":"https:\/\/reydereyes.com.ar\/?page_id=24502"},"modified":"2026-02-13T14:28:58","modified_gmt":"2026-02-13T17:28:58","slug":"kingsschool","status":"publish","type":"page","link":"https:\/\/reydereyes.com.ar\/en\/kingsschool\/","title":{"rendered":"King&#039;s School 2024"},"content":{"rendered":"<p>[et_pb_section fb_built=&#8221;1&#8243; admin_label=&#8221;Secci\u00f3n&#8221; _builder_version=&#8221;4.7.1&#8243; _module_preset=&#8221;default&#8221; background_image=&#8221;https:\/\/reydereyes.com.ar\/wp-content\/uploads\/2023\/02\/ks_back3-scaled.jpg&#8221; parallax=&#8221;on&#8221; min_height=&#8221;673.4px&#8221; custom_margin=&#8221;||0px||false|false&#8221; animation_style=&#8221;fade&#8221;][et_pb_row admin_label=&#8221;Fila&#8221; _builder_version=&#8221;4.7.1&#8243; _module_preset=&#8221;default&#8221;][et_pb_column type=&#8221;4_4&#8243; _builder_version=&#8221;4.7.1&#8243; _module_preset=&#8221;default&#8221;][et_pb_image src=&#8221;https:\/\/reydereyes.com.ar\/wp-content\/uploads\/2024\/02\/LOGO-KINGS-SCHOOL_Ok.png&#8221; title_text=&#8221;LOGO-KINGS-SCHOOL_Ok&#8221; _builder_version=&#8221;4.7.1&#8243; _module_preset=&#8221;default&#8221; width=&#8221;30%&#8221; width_tablet=&#8221;&#8221; width_phone=&#8221;80%&#8221; width_last_edited=&#8221;on|phone&#8221; module_alignment=&#8221;center&#8221; animation_style=&#8221;slide&#8221; module_alignment_tablet=&#8221;&#8221; module_alignment_phone=&#8221;&#8221; module_alignment_last_edited=&#8221;on|desktop&#8221;][\/et_pb_image][et_pb_text _builder_version=&#8221;4.7.1&#8243; _module_preset=&#8221;default&#8221; text_font=&#8221;Brittany KS|600|||||||&#8221; header_font=&#8221;Brittany KS|500|||||||&#8221; header_text_color=&#8221;#ffffff&#8221; header_font_size=&#8221;39px&#8221; header_2_text_color=&#8221;#f75766&#8243; header_2_letter_spacing=&#8221;10px&#8221; animation_style=&#8221;fade&#8221; header_text_shadow_style=&#8221;preset1&#8243;]<\/p>\n<h1 style=\"text-align: center;\">Escuela Ministerial<\/h1>\n<p>[\/et_pb_text][et_pb_button button_text=&#8221;PR\u00d3XIMAMENTE&#8221; button_alignment=&#8221;center&#8221; admin_label=&#8221;Button&#8221; _builder_version=&#8221;4.7.1&#8243; _module_preset=&#8221;default&#8221;][\/et_pb_button][\/et_pb_column][\/et_pb_row][\/et_pb_section][et_pb_section fb_built=&#8221;1&#8243; _builder_version=&#8221;4.7.1&#8243; background_color=&#8221;#c9a27d&#8221; custom_padding=&#8221;0px||50px||false|false&#8221;][et_pb_row column_structure=&#8221;1_2,1_2&#8243; _builder_version=&#8221;4.7.1&#8243; custom_padding=&#8221;60px||0px||false|false&#8221; animation_style=&#8221;fade&#8221;][et_pb_column type=&#8221;1_2&#8243; _builder_version=&#8221;4.7.1&#8243; background_color=&#8221;rgba(0,0,0,0)&#8221; custom_padding=&#8221;20px|20px|20px|20px|true|true&#8221; border_radii=&#8221;on|36px|36px|36px|36px&#8221;][et_pb_text _builder_version=&#8221;4.7.1&#8243; text_font=&#8221;Montserrat|500|||||||&#8221; text_text_color=&#8221;#333333&#8243; header_font=&#8221;Montserrat|800|||||||&#8221; header_text_align=&#8221;left&#8221; header_text_color=&#8221;#333333&#8243; header_font_size=&#8221;44px&#8221; header_4_font=&#8221;Montserrat|500|||||||&#8221; header_4_text_align=&#8221;left&#8221; header_4_line_height=&#8221;1.4em&#8221; background_color=&#8221;rgba(0,0,0,0)&#8221; text_orientation=&#8221;center&#8221;]<\/p>\n<h1 style=\"text-align: left;\">Solicitud de Admisi\u00f3n<\/h1>\n<h4>Pr\u00f3ximamente abriremos el per\u00edodo de admisiones para King&#8217;s School 2025, donde tendr\u00e1s la oportunidad de vivir una experiencia transformadora y \u00fanica.<\/h4>\n<p>[\/et_pb_text][et_pb_button button_text=&#8221;VEN\u00cd A SER PARTE&#8221; _builder_version=&#8221;4.7.1&#8243; _module_preset=&#8221;default&#8221;][\/et_pb_button][\/et_pb_column][et_pb_column type=&#8221;1_2&#8243; _builder_version=&#8221;4.7.1&#8243; background_color=&#8221;rgba(0,0,0,0)&#8221; custom_padding=&#8221;20px|20px|20px|20px|true|true&#8221; border_radii=&#8221;on|36px|36px|36px|36px&#8221;][et_pb_text _builder_version=&#8221;4.7.1&#8243; text_text_color=&#8221;#333333&#8243; header_font=&#8221;Montserrat|800|||||||&#8221; header_text_align=&#8221;left&#8221; header_text_color=&#8221;#333333&#8243; header_3_font=&#8221;Montserrat|600|||||||&#8221; header_3_text_align=&#8221;left&#8221; header_4_font=&#8221;Montserrat|500|||||||&#8221; text_orientation=&#8221;center&#8221; custom_padding=&#8221;||0px|||&#8221;]<\/p>\n<h1>D\u00edas de Cursada<\/h1>\n<h3 style=\"text-align: left;\">Martes y Jueves<\/h3>\n<h3 style=\"text-align: left;\">de 19hs a 22hs<\/h3>\n<p>[\/et_pb_text][\/et_pb_column][\/et_pb_row][\/et_pb_section][et_pb_section fb_built=&#8221;1&#8243; _builder_version=&#8221;4.7.1&#8243; _module_preset=&#8221;default&#8221; background_color=&#8221;#f9f5f1&#8243; min_height=&#8221;860.3px&#8221; custom_margin=&#8221;-25px|||||&#8221;][et_pb_row _builder_version=&#8221;4.7.1&#8243; _module_preset=&#8221;default&#8221;][et_pb_column type=&#8221;4_4&#8243; _builder_version=&#8221;4.7.1&#8243; _module_preset=&#8221;default&#8221;][et_pb_text _builder_version=&#8221;4.7.1&#8243; _module_preset=&#8221;default&#8221; header_font=&#8221;Montserrat|800|||||||&#8221; header_text_align=&#8221;center&#8221; header_font_size=&#8221;44px&#8221;]<\/p>\n<h1>Visi\u00f3n<\/h1>\n<p>[\/et_pb_text][et_pb_text _builder_version=&#8221;4.7.1&#8243; _module_preset=&#8221;default&#8221; text_font_size=&#8221;17px&#8221; header_3_font=&#8221;Montserrat|500|||||||&#8221; header_3_font_size=&#8221;20px&#8221; header_3_letter_spacing=&#8221;2px&#8221; header_3_line_height=&#8221;1.2em&#8221; text_orientation=&#8221;center&#8221;]<\/p>\n<h3>King&#8217;s School es una Escuela Ministerial nacida en la Iglesia Rey de Reyes, una Iglesia en avivamiento que por d\u00e9cadas ha bendecido al mundo. Nuestra misi\u00f3n y visi\u00f3n es equipar y enviar a personas llenas del Esp\u00edritu Santo, apasionadas por conocerlo m\u00e1s, para transformar cada esfera de influencia en esta sociedad.<\/h3>\n<p>[\/et_pb_text][\/et_pb_column][\/et_pb_row][et_pb_row _builder_version=&#8221;4.7.1&#8243; _module_preset=&#8221;default&#8221;][et_pb_column type=&#8221;4_4&#8243; _builder_version=&#8221;4.7.1&#8243; _module_preset=&#8221;default&#8221;][et_pb_video src=&#8221;https:\/\/www.youtube.com\/watch?v=O2Kgizulg40&#8243; use_icon_font_size=&#8221;on&#8221; icon_font_size=&#8221;9px&#8221; thumbnail_overlay_color=&#8221;rgba(0,0,0,0.6)&#8221; icon_font_size_tablet=&#8221;9px&#8221; icon_font_size_phone=&#8221;3px&#8221; icon_font_size_last_edited=&#8221;on|desktop&#8221; _builder_version=&#8221;4.7.1&#8243; _module_preset=&#8221;default&#8221; width=&#8221;70%&#8221; width_tablet=&#8221;100%&#8221; width_phone=&#8221;100%&#8221; width_last_edited=&#8221;on|phone&#8221; max_width=&#8221;100%&#8221; module_alignment=&#8221;center&#8221;][\/et_pb_video][\/et_pb_column][\/et_pb_row][\/et_pb_section][et_pb_section fb_built=&#8221;1&#8243; _builder_version=&#8221;4.7.1&#8243; _module_preset=&#8221;default&#8221; background_color=&#8221;#c9a27d&#8221; custom_margin=&#8221;||-43px|||&#8221;][et_pb_row _builder_version=&#8221;4.7.1&#8243; _module_preset=&#8221;default&#8221; min_height=&#8221;217px&#8221; custom_margin=&#8221;|auto|6px|auto||&#8221;][et_pb_column type=&#8221;4_4&#8243; _builder_version=&#8221;4.7.1&#8243; _module_preset=&#8221;default&#8221;][et_pb_cta title=&#8221;Tu Futuro Es Brillante&#8221; button_text=&#8221;\u00a1Quiero Aplicar!&#8221; title_tablet=&#8221;Tu Futuro Es Brillante&#8221; title_phone=&#8221;Tu Futuro Es Brillante&#8221; title_last_edited=&#8221;on|phone&#8221; _builder_version=&#8221;4.7.1&#8243; _module_preset=&#8221;default&#8221; header_font=&#8221;Montserrat|800|||||||&#8221; header_font_size=&#8221;46px&#8221; body_text_color=&#8221;#333333&#8243; background_enable_color=&#8221;off&#8221; custom_button=&#8221;on&#8221; button_text_color=&#8221;#333333&#8243; button_bg_color=&#8221;#e09900&#8243; background_layout=&#8221;light&#8221; min_height=&#8221;79.6px&#8221; custom_margin=&#8221;||-39px|||&#8221; custom_padding=&#8221;0px|||||&#8221; header_font_size_tablet=&#8221;39px&#8221; header_font_size_phone=&#8221;32px&#8221; header_font_size_last_edited=&#8221;on|phone&#8221;][\/et_pb_cta][\/et_pb_column][\/et_pb_row][\/et_pb_section][et_pb_section fb_built=&#8221;1&#8243; admin_label=&#8221;#FAQS&#8221; _builder_version=&#8221;4.7.1&#8243; _module_preset=&#8221;default&#8221; background_color=&#8221;#f9f5f1&#8243;][et_pb_row _builder_version=&#8221;4.7.1&#8243; _module_preset=&#8221;default&#8221;][et_pb_column type=&#8221;4_4&#8243; _builder_version=&#8221;4.7.1&#8243; _module_preset=&#8221;default&#8221;][et_pb_text _builder_version=&#8221;4.7.1&#8243; _module_preset=&#8221;default&#8221; header_font=&#8221;Montserrat|800|||||||&#8221; header_text_align=&#8221;center&#8221; header_font_size=&#8221;44px&#8221;]<\/p>\n<h1>Preguntas Frecuentes<\/h1>\n<p>[\/et_pb_text][\/et_pb_column][\/et_pb_row][et_pb_row _builder_version=&#8221;4.7.1&#8243; _module_preset=&#8221;default&#8221;][et_pb_column type=&#8221;4_4&#8243; _builder_version=&#8221;4.7.1&#8243; _module_preset=&#8221;default&#8221;][et_pb_accordion _builder_version=&#8221;4.7.1&#8243; _module_preset=&#8221;default&#8221;][et_pb_accordion_item title=&#8221;\u00bfQu\u00e9 es King\u2019s School?&#8221; open=&#8221;on&#8221; _builder_version=&#8221;4.7.1&#8243; _module_preset=&#8221;default&#8221;]<\/p>\n<p>King\u2019s School es una Escuela Ministerial, nacida en la Iglesia Rey de Reyes, una Iglesia en avivamiento que por d\u00e9cadas ha bendecido al mundo. Nuestra misi\u00f3n y visi\u00f3n es equipar y enviar a personas llenas del Esp\u00edritu Santo, apasionadas por conocerLo m\u00e1s, para transformar cada esfera de influencia en esta sociedad.<\/p>\n<p>[\/et_pb_accordion_item][et_pb_accordion_item title=&#8221;\u00bfPara qui\u00e9nes es King\u2019s School?&#8221; _builder_version=&#8221;4.7.1&#8243; _module_preset=&#8221;default&#8221; open=&#8221;off&#8221;]<\/p>\n<p><span>\u00a1Para vos que cumpl\u00eds los requisitos! Al brindar una ense\u00f1anza pr\u00e1ctica, King\u2019s School te capacita para vivir una vida relevante y abundante, tanto en lo ministerial como en lo personal.<\/span><\/p>\n<p>[\/et_pb_accordion_item][et_pb_accordion_item title=&#8221;\u00bfCu\u00e1ndo se abren las inscripciones para el ciclo 2024?&#8221; _builder_version=&#8221;4.7.1&#8243; _module_preset=&#8221;default&#8221; open=&#8221;off&#8221;]<\/p>\n<p>Las inscripciones est\u00e1n abiertas.<\/p>\n<p>Completa tu Solicitud de Admisi\u00f3n haciendo <a href=\"https:\/\/reydereyes.com.ar\/admision_ks2024\/\">click aqu\u00ed<\/a>.<\/p>\n<p>[\/et_pb_accordion_item][et_pb_accordion_item title=&#8221;\u00bfCu\u00e1ndo empiezan las clases del ciclo 2024?&#8221; _builder_version=&#8221;4.7.1&#8243; _module_preset=&#8221;default&#8221; open=&#8221;off&#8221;]<\/p>\n<p>Las clases comienzan en marzo 2024.<\/p>\n<p>[\/et_pb_accordion_item][et_pb_accordion_item title=&#8221;\u00bfD\u00f3nde y cu\u00e1ndo se dictan las clases?&#8221; _builder_version=&#8221;4.7.1&#8243; _module_preset=&#8221;default&#8221; open=&#8221;off&#8221;]<\/p>\n<p><span>Las clases se dictan en Ciudad de la Paz 2330 y Juramento 2433, en Belgrano, Capital Federal, los martes y jueves de 19hs a 22hs.<\/span><\/p>\n<p>[\/et_pb_accordion_item][et_pb_accordion_item title=&#8221;\u00bfCu\u00e1l es la duraci\u00f3n?&#8221; _builder_version=&#8221;4.7.1&#8243; _module_preset=&#8221;default&#8221; open=&#8221;off&#8221;]<\/p>\n<p><span>La duraci\u00f3n de la Escuela Ministerial es de 1 a\u00f1o, compuesto por 2 m\u00f3dulos de 3-4 meses.<\/span><\/p>\n<p>[\/et_pb_accordion_item][et_pb_accordion_item title=&#8221;\u00bfHay alg\u00fan requisito para la cursada?&#8221; _builder_version=&#8221;4.7.1&#8243; _module_preset=&#8221;default&#8221; open=&#8221;off&#8221;]<\/p>\n<p>Si. Los requisitos son:<\/p>\n<ul>\n<li>Ser mayor de 18 a\u00f1os<\/li>\n<li>Ser miembro de la Iglesia Rey de Reyes<\/li>\n<li>Congregarse en al menos una reuni\u00f3n durante el fin de semana<\/li>\n<li>Cumplir con el 80% de asistencia a las clases<\/li>\n<li>Llegar a horario (20 minutos de tolerancia)<\/li>\n<li>Completar en t\u00e9rmino los Trabajos Pr\u00e1cticos asignados<\/li>\n<li>Sumamente importante mantener un ambiente acad\u00e9mico que honre los valores fundamentales de la Escuela Ministerial (cultura de amor, compromiso, \u00e9tica personal y cultura de honra).<\/li>\n<\/ul>\n<p>[\/et_pb_accordion_item][et_pb_accordion_item title=&#8221;\u00bfCu\u00e1les son los valores fundamentales de la Escuela Ministerial?&#8221; _builder_version=&#8221;4.7.1&#8243; _module_preset=&#8221;default&#8221; open=&#8221;off&#8221;]<\/p>\n<ul>\n<li>Cultura de amor<\/li>\n<li>Compromiso<\/li>\n<li>\u00c9tica Personal<\/li>\n<li>Cultura de Honra<\/li>\n<\/ul>\n<p>[\/et_pb_accordion_item][et_pb_accordion_item title=&#8221;\u00bfHay alguna inversi\u00f3n econ\u00f3mica que debo realizar?&#8221; _builder_version=&#8221;4.7.1&#8243; _module_preset=&#8221;default&#8221; open=&#8221;off&#8221;]<\/p>\n<p>Si, los valores de la matr\u00edcula y del arancel mensual ser\u00e1 informado durante el Proceso de Admisi\u00f3n. La matr\u00edcula deber\u00e1 ser abonada para confirmar la inscripci\u00f3n y los aranceles deber\u00e1n ser abonados del 01 al 10 de cada mes calendario.<\/p>\n<p>[\/et_pb_accordion_item][et_pb_accordion_item title=&#8221;\u00bfQu\u00e9 necesito para aplicar?&#8221; _builder_version=&#8221;4.7.1&#8243; _module_preset=&#8221;default&#8221; open=&#8221;off&#8221;]<\/p>\n<p><span>Cumplir con los requisitos de la Escuela Ministerial y tener expectativas por ser equipado y vivir una experiencia transformadora con el Esp\u00edritu Santo.<\/span><\/p>\n<p>[\/et_pb_accordion_item][et_pb_accordion_item title=&#8221;\u00bfCon solo inscribirme es suficiente para ser parte de la Escuela Ministerial?&#8221; _builder_version=&#8221;4.7.1&#8243; _module_preset=&#8221;default&#8221; open=&#8221;off&#8221;]<\/p>\n<p><span>Hay que pasar por el Proceso de Admisi\u00f3n exitosamente.<\/span><\/p>\n<p>[\/et_pb_accordion_item][et_pb_accordion_item title=&#8221;\u00bfPuedo empezar a cursar en el segundo m\u00f3dulo?&#8221; _builder_version=&#8221;4.7.1&#8243; _module_preset=&#8221;default&#8221; open=&#8221;off&#8221;]<\/p>\n<p><span>Para egresar es necesario cumplir con los 2 m\u00f3dulos, los mismos son consecutivos y deben ser cursados en el mismo ciclo de clase.<\/span><\/p>\n<p>[\/et_pb_accordion_item][et_pb_accordion_item title=&#8221;\u00bfPuedo cursar el primer m\u00f3dulo y dejar pendiente el segundo para un pr\u00f3ximo ciclo?&#8221; _builder_version=&#8221;4.7.1&#8243; _module_preset=&#8221;default&#8221; open=&#8221;off&#8221;]<\/p>\n<p><span>Para egresar es necesario cumplir con los 2 m\u00f3dulos, los mismos son consecutivos y deben ser cursados en el mismo ciclo de clase.<\/span><\/p>\n<p>[\/et_pb_accordion_item][et_pb_accordion_item title=&#8221;\u00bfPuedo asistir con mis hijos?&#8221; _builder_version=&#8221;4.7.1&#8243; _module_preset=&#8221;default&#8221; open=&#8221;off&#8221;]<\/p>\n<p><span>En este ciclo de King\u2019s School no tenemos ninguna programaci\u00f3n espec\u00edfica para los ni\u00f1os durante las clases. Creemos que ellos necesitan un ambiente acorde para aprender amar la presencia de Dios, y por ese motivo no se puede asistir con ni\u00f1os, ni con visitas que no sean alumnos de la Escuela.<\/span><\/p>\n<p>[\/et_pb_accordion_item][et_pb_accordion_item title=&#8221;\u00bfPuedo invitar alg\u00fan amigo para asistir la clase?&#8221; _builder_version=&#8221;4.7.1&#8243; _module_preset=&#8221;default&#8221; open=&#8221;off&#8221;]<\/p>\n<p><span>Las clases son \u00fanicamente para los alumnos de King\u2019s School.<\/span><\/p>\n<p>[\/et_pb_accordion_item][\/et_pb_accordion][\/et_pb_column][\/et_pb_row][\/et_pb_section]<\/p>\n","protected":false},"excerpt":{"rendered":"<p>[et_pb_section fb_built=&#8221;1&#8243; admin_label=&#8221;Secci\u00f3n&#8221; _builder_version=&#8221;4.7.1&#8243; _module_preset=&#8221;default&#8221; background_image=&#8221;https:\/\/reydereyes.com.ar\/wp-content\/uploads\/2023\/02\/ks_back3-scaled.jpg&#8221; parallax=&#8221;on&#8221; min_height=&#8221;673.4px&#8221; custom_margin=&#8221;||0px||false|false&#8221; animation_style=&#8221;fade&#8221;][et_pb_row admin_label=&#8221;Fila&#8221; _builder_version=&#8221;4.7.1&#8243; _module_preset=&#8221;default&#8221;][et_pb_column type=&#8221;4_4&#8243; _builder_version=&#8221;4.7.1&#8243; _module_preset=&#8221;default&#8221;][et_pb_image src=&#8221;https:\/\/reydereyes.com.ar\/wp-content\/uploads\/2024\/02\/LOGO-KINGS-SCHOOL_Ok.png&#8221; title_text=&#8221;LOGO-KINGS-SCHOOL_Ok&#8221; _builder_version=&#8221;4.7.1&#8243; _module_preset=&#8221;default&#8221; width=&#8221;30%&#8221; width_tablet=&#8221;&#8221; width_phone=&#8221;80%&#8221; width_last_edited=&#8221;on|phone&#8221; module_alignment=&#8221;center&#8221; animation_style=&#8221;slide&#8221; module_alignment_tablet=&#8221;&#8221; module_alignment_phone=&#8221;&#8221; module_alignment_last_edited=&#8221;on|desktop&#8221;][\/et_pb_image][et_pb_text _builder_version=&#8221;4.7.1&#8243; _module_preset=&#8221;default&#8221; text_font=&#8221;Brittany KS|600|||||||&#8221; header_font=&#8221;Brittany KS|500|||||||&#8221; header_text_color=&#8221;#ffffff&#8221; header_font_size=&#8221;39px&#8221; header_2_text_color=&#8221;#f75766&#8243; header_2_letter_spacing=&#8221;10px&#8221; animation_style=&#8221;fade&#8221; header_text_shadow_style=&#8221;preset1&#8243;] Escuela Ministerial [\/et_pb_text][et_pb_button button_text=&#8221;PR\u00d3XIMAMENTE&#8221; button_alignment=&#8221;center&#8221; admin_label=&#8221;Button&#8221; _builder_version=&#8221;4.7.1&#8243; _module_preset=&#8221;default&#8221;][\/et_pb_button][\/et_pb_column][\/et_pb_row][\/et_pb_section][et_pb_section fb_built=&#8221;1&#8243; _builder_version=&#8221;4.7.1&#8243; background_color=&#8221;#c9a27d&#8221; custom_padding=&#8221;0px||50px||false|false&#8221;][et_pb_row column_structure=&#8221;1_2,1_2&#8243; _builder_version=&#8221;4.7.1&#8243; [&hellip;]<\/p>\n","protected":false},"author":3,"featured_media":0,"parent":0,"menu_order":0,"comment_status":"closed","ping_status":"closed","template":"","meta":{"_et_pb_use_builder":"on","_et_pb_old_content":"","_et_gb_content_width":"","inline_featured_image":false,"footnotes":""},"class_list":["post-24502","page","type-page","status-publish","hentry"],"aioseo_notices":[],"_links":{"self":[{"href":"https:\/\/reydereyes.com.ar\/en\/wp-json\/wp\/v2\/pages\/24502","targetHints":{"allow":["GET"]}}],"collection":[{"href":"https:\/\/reydereyes.com.ar\/en\/wp-json\/wp\/v2\/pages"}],"about":[{"href":"https:\/\/reydereyes.com.ar\/en\/wp-json\/wp\/v2\/types\/page"}],"author":[{"embeddable":true,"href":"https:\/\/reydereyes.com.ar\/en\/wp-json\/wp\/v2\/users\/3"}],"replies":[{"embeddable":true,"href":"https:\/\/reydereyes.com.ar\/en\/wp-json\/wp\/v2\/comments?post=24502"}],"version-history":[{"count":21,"href":"https:\/\/reydereyes.com.ar\/en\/wp-json\/wp\/v2\/pages\/24502\/revisions"}],"predecessor-version":[{"id":35559,"href":"https:\/\/reydereyes.com.ar\/en\/wp-json\/wp\/v2\/pages\/24502\/revisions\/35559"}],"wp:attachment":[{"href":"https:\/\/reydereyes.com.ar\/en\/wp-json\/wp\/v2\/media?parent=24502"}],"curies":[{"name":"wp","href":"https:\/\/api.w.org\/{rel}","templated":true}]}}