{"id":12382,"date":"2021-05-22T17:52:45","date_gmt":"2021-05-22T20:52:45","guid":{"rendered":"http:\/\/reydereyes.com.ar\/?page_id=12382"},"modified":"2023-11-05T21:30:33","modified_gmt":"2023-11-06T00:30:33","slug":"enquecreemos","status":"publish","type":"page","link":"https:\/\/reydereyes.com.ar\/en\/enquecreemos\/","title":{"rendered":"What do we believe in"},"content":{"rendered":"<p>[et_pb_section fb_built=&#8221;1&#8243; _builder_version=&#8221;4.7.1&#8243; _module_preset=&#8221;default&#8221; background_color=&#8221;#eeeeee&#8221; height=&#8221;80vh&#8221; custom_padding=&#8221;0px||0px||true|false&#8221;][et_pb_row column_structure=&#8221;1_2,1_2&#8243; make_equal=&#8221;on&#8221; _builder_version=&#8221;4.7.1&#8243; _module_preset=&#8221;default&#8221; width=&#8221;100%&#8221; max_width=&#8221;4400px&#8221; height=&#8221;80vh&#8221; custom_margin=&#8221;0px||0px||true|false&#8221; custom_padding=&#8221;0px||0px||true|false&#8221; hover_enabled=&#8221;0&#8243; sticky_enabled=&#8221;0&#8243;][et_pb_column type=&#8221;1_2&#8243; _builder_version=&#8221;4.7.1&#8243; _module_preset=&#8221;default&#8221; background_color=&#8221;#ffffff&#8221; background_image=&#8221;https:\/\/reydereyes.com.ar\/wp-content\/uploads\/2023\/07\/7W5A1935-2-small.jpg&#8221; custom_padding=&#8221;60px||60px||true|false&#8221; hover_enabled=&#8221;0&#8243; title_text=&#8221;7W5A1935-2 small 2&#8243; sticky_enabled=&#8221;0&#8243;][\/et_pb_column][et_pb_column type=&#8221;1_2&#8243; _builder_version=&#8221;4.7.1&#8243; _module_preset=&#8221;default&#8221; custom_padding=&#8221;60px|120px|60px|120px|true|true&#8221; custom_padding_tablet=&#8221;&#8221; custom_padding_phone=&#8221;60px|60px|60px|60px|true|true&#8221; custom_padding_last_edited=&#8221;on|phone&#8221; custom_css_main_element=&#8221;margin:auto;&#8221;][et_pb_text _builder_version=&#8221;4.7.1&#8243; _module_preset=&#8221;default&#8221; text_text_color=&#8221;#333333&#8243; text_font_size=&#8221;62px&#8221; text_line_height=&#8221;1em&#8221; header_font=&#8221;DM Sans||||||||&#8221; header_font_size=&#8221;65px&#8221; custom_css_main_element=&#8221;font-weight:400;&#8221;]<\/p>\n<p>En qu\u00e9 creemos<\/p>\n<p>[\/et_pb_text][et_pb_text _builder_version=&#8221;4.7.1&#8243; _module_preset=&#8221;default&#8221; text_text_color=&#8221;#333333&#8243; text_font_size=&#8221;24px&#8221; text_line_height=&#8221;1.6em&#8221; header_font=&#8221;DM Sans||||||||&#8221; header_font_size=&#8221;65px&#8221; custom_css_main_element=&#8221;font-weight:400;&#8221;]<\/p>\n<p><span>Estamos comprometidos a vivir los valores del evangelio de Jesucristo. Nuestra misi\u00f3n es amar a Dios, amar a los dem\u00e1s y compartir las buenas nuevas de Jesucristo.<\/span><\/p>\n<p>[\/et_pb_text][\/et_pb_column][\/et_pb_row][\/et_pb_section][et_pb_section fb_built=&#8221;1&#8243; _builder_version=&#8221;4.7.1&#8243; _module_preset=&#8221;default&#8221; background_color=&#8221;#eeeeee&#8221;][et_pb_row _builder_version=&#8221;4.7.1&#8243; _module_preset=&#8221;default&#8221;][et_pb_column type=&#8221;4_4&#8243; _builder_version=&#8221;4.7.1&#8243; _module_preset=&#8221;default&#8221;][et_pb_accordion open_toggle_background_color=&#8221;rgba(0,0,0,0)&#8221; closed_toggle_background_color=&#8221;rgba(0,0,0,0)&#8221; icon_color=&#8221;#333333&#8243; use_icon_font_size=&#8221;on&#8221; icon_font_size=&#8221;40px&#8221; module_class=&#8221;pa-add-accordion-icon&#8221; _builder_version=&#8221;4.7.1&#8243; _module_preset=&#8221;default&#8221; toggle_font=&#8221;||||||||&#8221; toggle_font_size=&#8221;36px&#8221; body_font=&#8221;|300|||||||&#8221; body_text_color=&#8221;#333333&#8243; body_font_size=&#8221;18px&#8221; body_line_height=&#8221;1.1em&#8221; background_color=&#8221;#eeeeee&#8221; text_orientation=&#8221;center&#8221; custom_margin=&#8221;||||false|false&#8221; custom_padding=&#8221;||||false|false&#8221; border_width_all=&#8221;0px&#8221; border_width_top=&#8221;2px&#8221;][et_pb_accordion_item title=&#8221;En Jesucristo&#8221; open=&#8221;on&#8221; closed_toggle_text_color=&#8221;#333333&#8243; _builder_version=&#8221;4.7.1&#8243; _module_preset=&#8221;default&#8221; custom_margin=&#8221;||0px||false|false&#8221;]<\/p>\n<p>Nuestro Se\u00f1or y Salvador. Quien naci\u00f3 de la virgen Mar\u00eda y fue concebido por obra y gracia del Esp\u00edritu Santo.<\/p>\n<p>[\/et_pb_accordion_item][et_pb_accordion_item title=&#8221;La Trinidad&#8221; closed_toggle_text_color=&#8221;#333333&#8243; _builder_version=&#8221;4.7.1&#8243; _module_preset=&#8221;default&#8221; custom_margin=&#8221;||0px||false|false&#8221; open=&#8221;off&#8221;]<\/p>\n<p><span>Dios Padre, Hijo y Esp\u00edritu Santo.<\/span><\/p>\n<p>[\/et_pb_accordion_item][et_pb_accordion_item title=&#8221;La Biblia&#8221; closed_toggle_text_color=&#8221;#333333&#8243; _builder_version=&#8221;4.7.1&#8243; _module_preset=&#8221;default&#8221; custom_margin=&#8221;||0px||false|false&#8221; open=&#8221;off&#8221;]<\/p>\n<p>Como \u00fanica y verdadera fuente de revelaci\u00f3n. Regla infalible de fe y conducta.<\/p>\n<p>[\/et_pb_accordion_item][et_pb_accordion_item title=&#8221;El perd\u00f3n de los pecados&#8221; closed_toggle_text_color=&#8221;#333333&#8243; _builder_version=&#8221;4.7.1&#8243; _module_preset=&#8221;default&#8221; custom_margin=&#8221;||0px||false|false&#8221; open=&#8221;off&#8221;]<\/p>\n<p>Por medio de Jesucristo y su sangre redentora.<\/p>\n<p>[\/et_pb_accordion_item][et_pb_accordion_item title=&#8221;La salvaci\u00f3n para vida eterna&#8221; closed_toggle_text_color=&#8221;#333333&#8243; _builder_version=&#8221;4.7.1&#8243; _module_preset=&#8221;default&#8221; custom_margin=&#8221;||0px||false|false&#8221; open=&#8221;off&#8221;]<\/p>\n<p><span>La cual alcanzamos por gracia, por medio de la fe.<\/span><\/p>\n<p>[\/et_pb_accordion_item][et_pb_accordion_item title=&#8221;La Iglesia&#8221; closed_toggle_text_color=&#8221;#333333&#8243; _builder_version=&#8221;4.7.1&#8243; _module_preset=&#8221;default&#8221; custom_margin=&#8221;||0px||false|false&#8221; open=&#8221;off&#8221;]<\/p>\n<p>La compa\u00f1\u00eda de todos los redimidos por Jesucristo que creen y practican las ense\u00f1anzas del Evangelio.<\/p>\n<p>[\/et_pb_accordion_item][et_pb_accordion_item title=&#8221;La Segunda Venida&#8221; closed_toggle_text_color=&#8221;#333333&#8243; _builder_version=&#8221;4.7.1&#8243; _module_preset=&#8221;default&#8221; custom_margin=&#8221;||0px||false|false&#8221; open=&#8221;off&#8221;]<\/p>\n<p>De nuestro Se\u00f1or Jesucristo.<\/p>\n<p>[\/et_pb_accordion_item][\/et_pb_accordion][\/et_pb_column][\/et_pb_row][et_pb_row custom_padding_last_edited=&#8221;on|phone&#8221; _builder_version=&#8221;4.7.1&#8243; _module_preset=&#8221;default&#8221; background_color=&#8221;#ffffff&#8221; custom_padding=&#8221;40px|100px|40px|100px|true|true&#8221; custom_padding_tablet=&#8221;&#8221; custom_padding_phone=&#8221;40px|40px|40px|40px|true|true&#8221; border_radii=&#8221;on|8px|8px|8px|8px&#8221;][et_pb_column type=&#8221;4_4&#8243; _builder_version=&#8221;4.7.1&#8243; _module_preset=&#8221;default&#8221;][et_pb_text _builder_version=&#8221;4.7.1&#8243; _module_preset=&#8221;default&#8221; text_text_color=&#8221;#333333&#8243; header_text_color=&#8221;#ffffff&#8221; header_4_text_color=&#8221;#333333&#8243; custom_margin=&#8221;||0px||false|false&#8221;]<\/p>\n<h4>Iglesia Rey de Reyes<\/h4>\n<p>Perteneciente a la Uni\u00f3n de las Asambleas de Dios (Fichero de culto Nro. 14).\u00a0Afiliada a Aciera &#8211; Alianza Cristiana de Iglesias Evang\u00e9licas de la Rep\u00fablica Argentina.<\/p>\n<p>[\/et_pb_text][\/et_pb_column][\/et_pb_row][\/et_pb_section]<\/p>\n","protected":false},"excerpt":{"rendered":"<p>[et_pb_section fb_built=&#8221;1&#8243; _builder_version=&#8221;4.7.1&#8243; _module_preset=&#8221;default&#8221; background_color=&#8221;#eeeeee&#8221; height=&#8221;80vh&#8221; custom_padding=&#8221;0px||0px||true|false&#8221;][et_pb_row column_structure=&#8221;1_2,1_2&#8243; make_equal=&#8221;on&#8221; _builder_version=&#8221;4.7.1&#8243; _module_preset=&#8221;default&#8221; width=&#8221;100%&#8221; max_width=&#8221;4400px&#8221; height=&#8221;80vh&#8221; custom_margin=&#8221;0px||0px||true|false&#8221; custom_padding=&#8221;0px||0px||true|false&#8221; hover_enabled=&#8221;0&#8243; sticky_enabled=&#8221;0&#8243;][et_pb_column type=&#8221;1_2&#8243; _builder_version=&#8221;4.7.1&#8243; _module_preset=&#8221;default&#8221; background_color=&#8221;#ffffff&#8221; background_image=&#8221;https:\/\/reydereyes.com.ar\/wp-content\/uploads\/2023\/07\/7W5A1935-2-small.jpg&#8221; custom_padding=&#8221;60px||60px||true|false&#8221; hover_enabled=&#8221;0&#8243; title_text=&#8221;7W5A1935-2 small 2&#8243; sticky_enabled=&#8221;0&#8243;][\/et_pb_column][et_pb_column type=&#8221;1_2&#8243; _builder_version=&#8221;4.7.1&#8243; _module_preset=&#8221;default&#8221; custom_padding=&#8221;60px|120px|60px|120px|true|true&#8221; custom_padding_tablet=&#8221;&#8221; custom_padding_phone=&#8221;60px|60px|60px|60px|true|true&#8221; custom_padding_last_edited=&#8221;on|phone&#8221; custom_css_main_element=&#8221;margin:auto;&#8221;][et_pb_text _builder_version=&#8221;4.7.1&#8243; _module_preset=&#8221;default&#8221; text_text_color=&#8221;#333333&#8243; text_font_size=&#8221;62px&#8221; text_line_height=&#8221;1em&#8221; header_font=&#8221;DM Sans||||||||&#8221; header_font_size=&#8221;65px&#8221; custom_css_main_element=&#8221;font-weight:400;&#8221;] En qu\u00e9 creemos [\/et_pb_text][et_pb_text _builder_version=&#8221;4.7.1&#8243; _module_preset=&#8221;default&#8221; text_text_color=&#8221;#333333&#8243; text_font_size=&#8221;24px&#8221; text_line_height=&#8221;1.6em&#8221; [&hellip;]<\/p>\n","protected":false},"author":3,"featured_media":0,"parent":0,"menu_order":0,"comment_status":"closed","ping_status":"closed","template":"","meta":{"_et_pb_use_builder":"on","_et_pb_old_content":"","_et_gb_content_width":"","inline_featured_image":false,"footnotes":""},"class_list":["post-12382","page","type-page","status-publish","hentry"],"aioseo_notices":[],"_links":{"self":[{"href":"https:\/\/reydereyes.com.ar\/en\/wp-json\/wp\/v2\/pages\/12382","targetHints":{"allow":["GET"]}}],"collection":[{"href":"https:\/\/reydereyes.com.ar\/en\/wp-json\/wp\/v2\/pages"}],"about":[{"href":"https:\/\/reydereyes.com.ar\/en\/wp-json\/wp\/v2\/types\/page"}],"author":[{"embeddable":true,"href":"https:\/\/reydereyes.com.ar\/en\/wp-json\/wp\/v2\/users\/3"}],"replies":[{"embeddable":true,"href":"https:\/\/reydereyes.com.ar\/en\/wp-json\/wp\/v2\/comments?post=12382"}],"version-history":[{"count":62,"href":"https:\/\/reydereyes.com.ar\/en\/wp-json\/wp\/v2\/pages\/12382\/revisions"}],"predecessor-version":[{"id":23286,"href":"https:\/\/reydereyes.com.ar\/en\/wp-json\/wp\/v2\/pages\/12382\/revisions\/23286"}],"wp:attachment":[{"href":"https:\/\/reydereyes.com.ar\/en\/wp-json\/wp\/v2\/media?parent=12382"}],"curies":[{"name":"wp","href":"https:\/\/api.w.org\/{rel}","templated":true}]}}